{"id":879,"date":"2015-01-09T16:11:52","date_gmt":"2015-01-09T21:11:52","guid":{"rendered":"http:\/\/50.22.11.20\/~moniquem\/about-us-2-2\/"},"modified":"2022-02-28T05:34:03","modified_gmt":"2022-02-28T10:34:03","slug":"about-us-2","status":"publish","type":"page","link":"https:\/\/www.monique-mathieu.com\/de\/about-us-2\/","title":{"rendered":"\u00dcber Uns"},"content":{"rendered":"<div id=\"dslc-theme-content\"><div id=\"dslc-theme-content-inner\">\n<h1 class=\"wp-block-heading\" id=\"monique-mathieu-devoted-to-fashion\">Monique Mathieu, der Mode verschrieben.<\/h1>\n\n<div class=\"wp-block-media-text alignwide has-media-on-the-right is-stacked-on-mobile is-vertically-aligned-top\" style=\"grid-template-columns:auto 32%\"><figure class=\"wp-block-media-text__media\"><img loading=\"lazy\" decoding=\"async\" width=\"597\" height=\"738\" src=\"https:\/\/www.monique-mathieu.com\/wp-content\/uploads\/2022\/02\/pic-6.jpg\" alt=\"Paris - Blick auf den Eiffelturm\" class=\"wp-image-10282 size-full\" srcset=\"https:\/\/www.monique-mathieu.com\/wp-content\/uploads\/2022\/02\/pic-6.jpg 597w, https:\/\/www.monique-mathieu.com\/wp-content\/uploads\/2022\/02\/pic-6-400x494.jpg 400w\" sizes=\"auto, (max-width: 597px) 100vw, 597px\" \/><\/figure><div class=\"wp-block-media-text__content\">\n<p style=\"font-size:16px\">Im Laufe der letzten 25 Jahre wurde die Produktlinie der international renommierten Marke Monique Mathieu Paris, von einer gro\u00dfen Anzahl von Day Resorts \/Medizinischen Spas und Fachleuten der Sch\u00f6nheitsbranche ausgew\u00e4hlt.<\/p>\n\n\n\n<p style=\"font-size:16px\">Die Kollektion Monique Mathieu Paris hilft ihren Kunden definitiv, in ihren luxuri\u00f6sen Einrichtungen einen starken und positiven Eindruck auf G\u00e4ste zu hinterlassen.<\/p>\n\n\n\n<p style=\"font-size:16px\">Beim Betrachten ihrer Kollektion wird deutlich, dass Monique Mathieu eine Ausbildung zur Modedesignerin und Stylistin absolviert hat und f\u00fcr die besten Couture-H\u00e4user wie Balenciaga, Givenchy und Guy Laroche arbeitete.<\/p>\n\n\n\n<p style=\"font-size:16px\">Seitdem widmet Monique Mathieu ihre kreativen Talente und ihr Know-how dem Design und der Herstellung von erstklassiger Berufsbekleidung f\u00fcr Damen und Herren.<\/p>\n\n\n\n<p style=\"font-size:16px\">Sie versteht es wie keine andere, Spa-Uniformen in ein einzigartiges, exklusives und sehr erlesenes Kleidungsst\u00fcck zu verwandeln. Sie werden erstaunt sein, wie Monique Mode und Funktionalit\u00e4t miteinander verbindet. Alle Uniformen werden aus den hochwertigsten Stoffen aus Europa hergestellt wodurch die Qualit\u00e4t ihrer Kollektion au\u00dfergew\u00f6hnlich ist.<\/p>\n\n\n\n<p style=\"font-size:16px\">Zu ihrer internationalen Kundschaft geh\u00f6ren heute La Prairie, Lanc\u00f4me und das Hotel Ritz, um nur einige zu nennen.<\/p>\n\n\n\n<div class=\"wp-block-image\"><figure class=\"alignright size-medium is-resized\"><img decoding=\"async\" src=\"https:\/\/www.monique-mathieu.com\/wp-content\/uploads\/2022\/02\/Signature-400x232.png\" alt=\"\" class=\"wp-image-10292\" width=\"-304\" height=\"-176\" srcset=\"https:\/\/www.monique-mathieu.com\/wp-content\/uploads\/2022\/02\/Signature-400x232.png 400w, https:\/\/www.monique-mathieu.com\/wp-content\/uploads\/2022\/02\/Signature-600x347.png 600w, https:\/\/www.monique-mathieu.com\/wp-content\/uploads\/2022\/02\/Signature.png 641w\" sizes=\"(max-width: 400px) 100vw, 400px\" \/><figcaption>Monnique Mathieu<\/figcaption><\/figure><\/div>\n\n\n\n<div class=\"wp-block-image\"><figure class=\"alignleft size-full\"><img loading=\"lazy\" decoding=\"async\" width=\"201\" height=\"240\" src=\"https:\/\/www.monique-mathieu.com\/wp-content\/uploads\/2022\/02\/MoniqueMathieuPortrait1.jpg\" alt=\"\" class=\"wp-image-10287\"\/><figcaption>Monique Mathieu<\/figcaption><\/figure><\/div>\n<\/div><\/div>\n<\/div><\/div>","protected":false},"excerpt":{"rendered":"<p>Monique Mathieu, der Mode verschrieben.<\/p>\n","protected":false},"author":2,"featured_media":0,"parent":0,"menu_order":0,"comment_status":"open","ping_status":"closed","template":"","meta":{"footnotes":""},"class_list":["post-879","page","type-page","status-publish","hentry"],"_links":{"self":[{"href":"https:\/\/www.monique-mathieu.com\/de\/wp-json\/wp\/v2\/pages\/879","targetHints":{"allow":["GET"]}}],"collection":[{"href":"https:\/\/www.monique-mathieu.com\/de\/wp-json\/wp\/v2\/pages"}],"about":[{"href":"https:\/\/www.monique-mathieu.com\/de\/wp-json\/wp\/v2\/types\/page"}],"author":[{"embeddable":true,"href":"https:\/\/www.monique-mathieu.com\/de\/wp-json\/wp\/v2\/users\/2"}],"replies":[{"embeddable":true,"href":"https:\/\/www.monique-mathieu.com\/de\/wp-json\/wp\/v2\/comments?post=879"}],"version-history":[{"count":25,"href":"https:\/\/www.monique-mathieu.com\/de\/wp-json\/wp\/v2\/pages\/879\/revisions"}],"predecessor-version":[{"id":10995,"href":"https:\/\/www.monique-mathieu.com\/de\/wp-json\/wp\/v2\/pages\/879\/revisions\/10995"}],"wp:attachment":[{"href":"https:\/\/www.monique-mathieu.com\/de\/wp-json\/wp\/v2\/media?parent=879"}],"curies":[{"name":"wp","href":"https:\/\/api.w.org\/{rel}","templated":true}]}}