{"id":8767,"date":"2021-08-27T04:21:39","date_gmt":"2021-08-27T09:21:39","guid":{"rendered":"https:\/\/www.monique-mathieu.com\/diy-maske\/"},"modified":"2021-08-27T04:21:45","modified_gmt":"2021-08-27T09:21:45","slug":"diy-maske","status":"publish","type":"page","link":"https:\/\/www.monique-mathieu.com\/de\/diy-maske\/","title":{"rendered":"DIY-Maske"},"content":{"rendered":"<div id=\"dslc-theme-content\"><div id=\"dslc-theme-content-inner\"><blockquote><p><strong>Einfache DIY-Gesichtsmaske f\u00fcr eine helle, strahlende Haut<\/strong> &#8211; Damit Ihre Haut aufbl\u00fchen kann, w\u00e4hrend Sie sich drinnen aufhalten.<\/p><\/blockquote>\n<p><img loading=\"lazy\" decoding=\"async\" class=\"alignnone size-full wp-image-7482\" src=\"https:\/\/www.monique-mathieu.com\/wp-content\/uploads\/2020\/04\/DIYMask.jpg\" alt=\"DIY-Gesichtsmaske\" width=\"524\" height=\"346\" srcset=\"https:\/\/www.monique-mathieu.com\/wp-content\/uploads\/2020\/04\/DIYMask.jpg 524w, https:\/\/www.monique-mathieu.com\/wp-content\/uploads\/2020\/04\/DIYMask-400x264.jpg 400w, https:\/\/www.monique-mathieu.com\/wp-content\/uploads\/2020\/04\/DIYMask-300x198.jpg 300w\" sizes=\"auto, (max-width: 524px) 100vw, 524px\" \/><\/p>\n<blockquote>\n<h3>Die Cocoa Dream Feuchtigkeitsmaske<\/h3>\n<\/blockquote>\n<p>Es gibt drei leuchtende Sterne in dieser leckeren, voll essbaren Maske, und sie alle wirken Wunder f\u00fcr Ihr Gesicht. Avocado ist extrem feuchtigkeitsspendend, Kakao ist ein ausgezeichnetes hautberuhigendes Antioxidans und Honig ist antibakteriell und entz\u00fcndungshemmend.<\/p>\n<ol>\n<li>Ein Viertel einer <strong>Avocado<\/strong>in einer kleinen Sch\u00fcssel zerdr\u00fccken.<\/li>\n<li>R\u00fchren Sie einen Essl\u00f6ffel <strong>Kakaopulver<\/strong>und einen Essl\u00f6ffel <strong>Honig<\/strong>ein, anschliessend alles gut zerdr\u00fccken und miteinander vermischen.<\/li>\n<li>Tragen Sie die Maske 10 Minuten lang auf Ihre saubere, trockene Haut auf.<\/li>\n<li>Anschliessend mit warmem Wasser abwaschen und dann wie gewohnt Feuchtigkeitscreme auftragen.<\/li>\n<\/ol>\n<p>&nbsp;<\/p>\n<div class=\"commentbox\" id=\"5730669913178112-proj\"><\/div>\n<\/div><\/div>","protected":false},"excerpt":{"rendered":"<p>Einfache DIY-Gesichtsmaske f\u00fcr eine helle, strahlende Haut &#8211; Damit Ihre Haut aufbl\u00fchen kann, w\u00e4hrend Sie sich drinnen aufhalten. Die Cocoa Dream Feuchtigkeitsmaske Es gibt drei leuchtende Sterne in dieser leckeren, voll essbaren Maske, und sie alle wirken Wunder f\u00fcr Ihr Gesicht. Avocado ist extrem feuchtigkeitsspendend, Kakao ist ein ausgezeichnetes hautberuhigendes Antioxidans und Honig ist antibakteriell [&hellip;]<\/p>\n","protected":false},"author":2,"featured_media":0,"parent":0,"menu_order":0,"comment_status":"open","ping_status":"closed","template":"","meta":{"footnotes":""},"class_list":["post-8767","page","type-page","status-publish","hentry"],"_links":{"self":[{"href":"https:\/\/www.monique-mathieu.com\/de\/wp-json\/wp\/v2\/pages\/8767","targetHints":{"allow":["GET"]}}],"collection":[{"href":"https:\/\/www.monique-mathieu.com\/de\/wp-json\/wp\/v2\/pages"}],"about":[{"href":"https:\/\/www.monique-mathieu.com\/de\/wp-json\/wp\/v2\/types\/page"}],"author":[{"embeddable":true,"href":"https:\/\/www.monique-mathieu.com\/de\/wp-json\/wp\/v2\/users\/2"}],"replies":[{"embeddable":true,"href":"https:\/\/www.monique-mathieu.com\/de\/wp-json\/wp\/v2\/comments?post=8767"}],"version-history":[{"count":1,"href":"https:\/\/www.monique-mathieu.com\/de\/wp-json\/wp\/v2\/pages\/8767\/revisions"}],"predecessor-version":[{"id":8768,"href":"https:\/\/www.monique-mathieu.com\/de\/wp-json\/wp\/v2\/pages\/8767\/revisions\/8768"}],"wp:attachment":[{"href":"https:\/\/www.monique-mathieu.com\/de\/wp-json\/wp\/v2\/media?parent=8767"}],"curies":[{"name":"wp","href":"https:\/\/api.w.org\/{rel}","templated":true}]}}