{"id":3921,"date":"2016-04-06T18:39:09","date_gmt":"2016-04-06T18:39:09","guid":{"rendered":"https:\/\/www.monique-mathieu.com\/?page_id=3921"},"modified":"2021-08-27T08:46:06","modified_gmt":"2021-08-27T13:46:06","slug":"allgemeine-geschaeftsbedingungen","status":"publish","type":"page","link":"https:\/\/www.monique-mathieu.com\/de\/allgemeine-geschaeftsbedingungen\/","title":{"rendered":"Gesch\u00e4ftsbedingungen"},"content":{"rendered":"<div id=\"dslc-theme-content\"><div id=\"dslc-theme-content-inner\"><h2>Datenschutzrichtlinie &amp; Verkaufsbedingungen<\/h2>\n<h3><strong>Datenschutzrichtlinie<\/strong><\/h3>\n<p>Diese Richtlinie regelt, wie wir Ihre personenbezogenen Daten verwenden. Wir nehmen Ihre Privatsph\u00e4re ERNST und werden alle Ma\u00dfnahmen ergreifen, um Ihre pers\u00f6nlichen Daten zu sch\u00fctzen.<\/p>\n<p><strong>Welche Informationen sammeln wir?<\/strong><\/p>\n<p>Wir sammeln nur Informationen, die wir ben\u00f6tigen und die sich auf Ihre Bestellung beziehen. Dies beinhaltet ihre:<br \/>\nRechnungsadresse<br \/>\nLieferadresse<br \/>\nE-mail Addresse<br \/>\nKreditkarten Informationen<\/p>\n<p>Dar\u00fcber hinaus erheben wir auch Informationen \u00fcber Ihre IP-Adresse, den Browsertyp und die Refer-URL-Daten. Wir verwenden diese Daten, um Hacking-Versuche zu verhindern, und auch um herauszufinden, welche Webbrowser die Besucher unserer Website verwenden, und woher sie kommen, damit wir unser Marketing verbessern k\u00f6nnen.<\/p>\n<p><strong>Wie werden meine Informationen verwendet ?<\/strong><\/p>\n<p>Ihre Angaben werden nur zur Abwicklung Ihrer Bestellung verwendet. Wir verkaufen oder verteilen Ihre Informationen an NIEMANDEN.<\/p>\n<p><strong>Sicherheit und Datenspeicherung<\/strong><\/p>\n<p>Auf unserem Server werden ausschlie\u00dflich Ihre Bestelldaten Rechnungs-, Versand- und Bestellinhaltsdaten gespeichert. Diese Informationen werden mit einem Secure Sockets Layer Zertifikat (SSL) verschl\u00fcsselt, bevor sie auf den Webserver \u00fcbertragen werden. Ihre Kreditkarten Informationen werden NICHT gespeichert.<\/p>\n<p><strong>Cookies und Browser Informationen<\/strong><\/p>\n<p>Cookies sind kleine Dateien, die sich auf Ihrem Computer befinden und die es uns erm\u00f6glichen, Sie bei Ihrem n\u00e4chsten Besuch wiederzuerkennen oder Ihren Warenkorbinhalt zu speichern. Wir verwenden die Cookies ausschlie\u00dflich, um diese Informationen zu verfolgen.<\/p>\n<h3><strong>Verkaufsbedingungen<\/strong><\/h3>\n<p><strong>Artikel<\/strong>: Alle Kleidungsst\u00fccke sind aus Baumwollpikee oder Baumwollgabardine (33% Baumwolle und 67% Polyester) gefertigt. Unsere Frottierartikel werden aus Frottee (80 % Baumwolle und 20 % Polyester) hergestellt. Auf Wunsch k\u00f6nnen wir auch PIQUE Waffeln anbieten: 100% Baumwolle.<\/p>\n<p>Pflegehinweis: Waschbar in lauwarmem Wasser ohne Bleichmittel &#8211; bei schwacher Hitze trocknen. B\u00fcgeln ist optional.<\/p>\n<p><strong>Preise:<\/strong> Die angegebenen Preise sind Einzelpreise in Euro an &#8211; Steuern, Versand- und Bearbeitungsgeb\u00fchren sind nicht enthalten. Die Preise sind ein Jahr g\u00fcltig und k\u00f6nnen zum Jahresbeginn ohne Vorank\u00fcndigung ge\u00e4ndert werden.<\/p>\n<p><strong>Zahlungsbedingungen:<\/strong>Vorauskasse per Scheck, Bank\u00fcberweisung oder Kreditkarte.<\/p>\n<p><strong>Lieferbedingungen:<\/strong>Standardware am Lager wird innerhalb von f\u00fcnf Werktagen nach Zahlungseingang versandt. Sonderbestellungen versenden innerhalb von vier bis sechs Wochen (je nach Saison).<\/p>\n<p><strong>R\u00fcckgabe und Umtausch<\/strong><\/p>\n<p>Wenn Sie mit Ihrem Kauf nicht vollst\u00e4ndig zufrieden sind, k\u00f6nnen Sie ihn zum Umtausch oder zur Gutschrift an uns zur\u00fccksenden. R\u00fccksendung innerhalb von 10 Werktagen nach Versand in Originalverpackung. Annahme zur Gutschrift oder zum Umtausch nur bei ungewaschenen, ungetragenen, unver\u00e4nderten oder anderweitig unbesch\u00e4digten Artikeln und mit vorheriger Genehmigung durch das Unternehmen. Gutschriften sind sechs Monate g\u00fcltig. Sonderbestellungen sowie Versandkosten sind grunds\u00e4tzlich nicht erstattungsf\u00e4hig.<\/p>\n<p>Achtung: F\u00fcr alle Artikel, die zur R\u00fcckerstattung zur\u00fcckgegeben werden, wird eine Wiedereinlagerungsgeb\u00fchr von 20 Prozent erhoben. Gr\u00f6\u00dfen ab 50 sind nicht umtauschbar und erstattungsf\u00e4hig.<\/p>\n<p><strong>Sonderanfertigungen:<\/strong>Sonderfarben, Paspeln oder Stickereien werden nur auf Anfrage ausgef\u00fchrt (z.B. Ihr Logo &#8211; bitte stellen sie uns ein hochaufl\u00f6sendes Muster zur verf\u00fcgung) &#8211; Sonderanfertigungen sind gegen Aufpreis m\u00f6glich &#8211; ab einer Mindestbestellmenge von 20 St\u00fcck. Bitte kontaktieren Sie uns f\u00fcr weitere Informationen wie Farbverf\u00fcgbarkeit, Lieferzeiten oder Angebote.<\/p>\n<\/div><\/div>","protected":false},"excerpt":{"rendered":"<p>Datenschutzrichtlinie &amp; Verkaufsbedingungen Datenschutzrichtlinie Diese Richtlinie regelt, wie wir Ihre personenbezogenen Daten verwenden. Wir nehmen Ihre Privatsph\u00e4re ERNST und werden alle Ma\u00dfnahmen ergreifen, um Ihre pers\u00f6nlichen Daten zu sch\u00fctzen. Welche Informationen sammeln wir? Wir sammeln nur Informationen, die wir ben\u00f6tigen und die sich auf Ihre Bestellung beziehen. Dies beinhaltet ihre: Rechnungsadresse Lieferadresse E-mail Addresse Kreditkarten [&hellip;]<\/p>\n","protected":false},"author":2,"featured_media":0,"parent":0,"menu_order":0,"comment_status":"closed","ping_status":"closed","template":"","meta":{"footnotes":""},"class_list":["post-3921","page","type-page","status-publish","hentry"],"_links":{"self":[{"href":"https:\/\/www.monique-mathieu.com\/de\/wp-json\/wp\/v2\/pages\/3921","targetHints":{"allow":["GET"]}}],"collection":[{"href":"https:\/\/www.monique-mathieu.com\/de\/wp-json\/wp\/v2\/pages"}],"about":[{"href":"https:\/\/www.monique-mathieu.com\/de\/wp-json\/wp\/v2\/types\/page"}],"author":[{"embeddable":true,"href":"https:\/\/www.monique-mathieu.com\/de\/wp-json\/wp\/v2\/users\/2"}],"replies":[{"embeddable":true,"href":"https:\/\/www.monique-mathieu.com\/de\/wp-json\/wp\/v2\/comments?post=3921"}],"version-history":[{"count":8,"href":"https:\/\/www.monique-mathieu.com\/de\/wp-json\/wp\/v2\/pages\/3921\/revisions"}],"predecessor-version":[{"id":8820,"href":"https:\/\/www.monique-mathieu.com\/de\/wp-json\/wp\/v2\/pages\/3921\/revisions\/8820"}],"wp:attachment":[{"href":"https:\/\/www.monique-mathieu.com\/de\/wp-json\/wp\/v2\/media?parent=3921"}],"curies":[{"name":"wp","href":"https:\/\/api.w.org\/{rel}","templated":true}]}}