{"id":3907,"date":"2015-06-10T21:55:12","date_gmt":"2015-06-11T01:55:12","guid":{"rendered":"https:\/\/www.monique-mathieu.com\/privacy-policy-2\/"},"modified":"2021-08-30T04:15:15","modified_gmt":"2021-08-30T09:15:15","slug":"privacy-policy","status":"publish","type":"page","link":"https:\/\/www.monique-mathieu.com\/de\/privacy-policy\/","title":{"rendered":"Datenschutz-Bestimmungen"},"content":{"rendered":"<div id=\"dslc-theme-content\"><div id=\"dslc-theme-content-inner\"><h2>Datenschutzbestimmungen &amp; Konditionen<\/h2>\n<p><span id=\"result_box\" class=\"\" lang=\"de\"><span title=\"Privacy Policy &amp; Terms \"><br \/>\n<\/span><span title=\"This policy covers how we use your personal information.\">Diese Datenschutzbestimmungen legen fest und erl\u00e4utern, wie wir Ihre pers\u00f6nlichen Daten verwenden. <\/span><span title=\"We take your privacy SERIOUSLY and will take all measures to protect your personal information. \">Wir nehmen den Schutz Ihrer pers\u00f6nlichen Daten sehr ernst. Wir ergreifen alle Ma\u00dfnahmen, die bie uns gespeicherten Daten zu sch\u00fctzen.<\/span><\/span><\/p>\n<p><span title=\"What Information Do We Collect? \"><strong>Welche Informationen sammeln wir?<\/strong><\/span><\/p>\n<p><span title=\"We only collect information that we need that is related to your order.\">Wir erheben nur Informationen, die wir ben\u00f6tigen, um Ihre Bestellung zu bearbeiten. <\/span><span title=\"This includes your: \">Dazu geh\u00f6ren Ihre:<br \/>\n<\/span><span title=\"Billing Address \">Rechnungsadresse<br \/>\n<\/span><span title=\"Shipping Address \">Lieferanschrift<br \/>\n<\/span><span title=\"Email Address \">E-Mail-Addresse<br \/>\n<\/span><span title=\"Credit Card Information \">Kreditkarteninformation<\/span><\/p>\n<p><span title=\"In addition we also collect information on your IP address, browser type, and Refer URL data.\">Dar\u00fcber hinaus sammeln wir auch Informationen, die sich auf Ihre IP-Adresse, Browser-Typ und URL-Daten beziehen. <\/span><span title=\"We use this data to prevent hacking attempts, help us know what web browsers people are using, and find out where our visitors are coming from so that we can improve our marketing. \">Wir verwenden diese Daten, um Hacking-Versuche zu verhindern. Au\u00dferdem helfen Sie uns\u00a0f\u00fcr die Optimierung unseres Online Marketings z.B Informationen zu  Web-Browsern, Betriebssystemen und der verwendeten Sprache.<br \/>\n<\/span><\/p>\n<p><strong><span title=\"How Is My Information Used? \">Wie werden meine Daten verwendet?<\/span><\/strong><\/p>\n<p><span title=\"Your information is only used to fill your order.\">Ihre Daten werden nur verwendet, um Ihre Bestellung durchzuf\u00fchren. <\/span><span title=\"We do not sell or redistribute your information to ANYONE. \">Wir verkaufen keine Adressen an Dritte .<\/span><\/p>\n<p><strong><span title=\"Security and Storage \">Sicherheit und Speicherung<\/span><\/strong><\/p>\n<p><span title=\"Only your order data billing, shipping, and order contents data is stored on our server.\">Nur Ihre Bestelldaten, Abrechnung, Versand und andere Inhaltsdaten werden auf unserem Server gespeichert. <\/span><span title=\"This information is encrypted using a Secure Sockets Layer before it is transmitted over a web server.\">Diese Informationen werden unter Verwendung eines Secure Sockets Layer Zertifikates (ssl) verschl\u00fcsselt, bevor sie \u00fcber einen Web-Server \u00fcbertragen wird. <\/span><span title=\"We do not store your Credit Card data. \">Wir speichern au<span title=\"We use this data to prevent hacking attempts, help us know what web browsers people are using, and find out where our visitors are coming from so that we can improve our marketing. \">\u00df<\/span>erdem keine Kreditkartendaten.<\/span><\/p>\n<p><strong><span title=\"Cookies and Browser Information \">Cookies und Browser-Informationen<\/span><\/strong><\/p>\n<p><span title=\"Cookies are small files that reside on your computer and allow us to recognize you on your next visit or store your shopping cart contents.\">Cookies sind kleine Dateien, die sich auf Ihrem Computer befinden und uns es erm\u00f6glichen, Sie bei Ihrem n\u00e4chsten Besuch wieder zu erkennen oder Warenkorbinhalte zu speichern. <\/span><span title=\"We use them only to track this information. \">Wir nutzen diese Informationen nur um solche Inhalte bereitzustellen.<\/span><\/p>\n<p><strong><span title=\"Terms of Payment \">Zahlungsbedingungen<\/span><\/strong><\/p>\n<p><span title=\"Prepayment by bank transfer or credit card. \">Vorkasse per \u00dcberweisung oder Kreditkarte.<\/span><\/p>\n<p><strong><span title=\"Terms of delivery \">Lieferbedingungen<\/span><\/strong><\/p>\n<p><span title=\"Standard merchandise in stock is shipped within five business days after receipt of payment.\">Lagernde Ware wird innerhalb von f\u00fcnf Werktagen nach Eingang der Zahlung versendet. <\/span><span title=\"Special orders are shipped within four to six weeks (depending on the season). \">Sonderbestellungen und Einzelanfertigungen werden innerhalb von vier bis sechs Wochen (je nach Saison) ausgeliefert.<\/span><\/p>\n<p><strong><span title=\"Returns and exchanges \">R\u00fcckgabe und Umtausch<\/span><\/strong><\/p>\n<p><span title=\"If you are not fully satisfied with your purchase, it may be returned to us for exchange or custom credit.\">Wenn Sie nicht vollst\u00e4ndig mit Ihrem Kauf zufrieden sind, kann die Ware an uns zur\u00fcckgegeben werden.  <\/span><span title=\"To be returned within 10 business days of shipping in original packaging.\">Jedoch nur in Originalverpackung und innerhalb von 10 Werktagen nach Versand. <\/span><span title=\"Acceptance for credit or exchange only if items are unwashed, unworn, unaltered or otherwise undamaged and with pre-approval by the company.\">Die Akzeptanz f\u00fcr Kredit- oder Umtausch gilt nur, wenn Einzelteile ungewaschen, ungetragen, unver\u00e4ndert oder in anderer Weise unversehrt sind. Zudem muss der Kunde vor dem Rksenden der Wahre das Einverst\u00e4ndnis des H\u00e4ndlers einholen (RMA)<span title=\"Cookies are small files that reside on your computer and allow us to recognize you on your next visit or store your shopping cart contents.\">\u00e4<\/span>Cookies sind kleine Dateien, die sich auf Ihrem Computer befinden und es uns erm\u00f6glichen, Sie bei Ihrem n\u00e4chsten Besuch wiederzuerkennen oder Ihren Warenkorbinhalt zu speichern. <\/span><span title=\"Credit memos are valid for a period of six months.\">Gutschriften sind sechs Monate g\u00fcltig. <\/span><span title=\"Special purchase orders as well as shipping charges are strictly non-refundable.\">Personalisierte Bestellungen, Produktionen auf Kundenwunsch sowie Versandkosten werden in keinem Fall zur\u00fcckerstattet. <\/span><span title=\"Attention: A re-stocking fee of 20 percent will be charged for any items that are returned for refund.\">Achtung: Eine R\u00fcckeinlagerungsgeb\u00fchr  von 20 Prozent wird f\u00fcr alle Artikel berechnet, die wir zur\u00fccknehmen und erstatten .<\/span><\/p>\n<p>&nbsp;<\/p>\n<\/div><\/div>","protected":false},"excerpt":{"rendered":"<p>Datenschutzbestimmungen &amp; Konditionen Diese Datenschutzbestimmungen legen fest und erl\u00e4utern, wie wir Ihre pers\u00f6nlichen Daten verwenden. Wir nehmen den Schutz Ihrer pers\u00f6nlichen Daten sehr ernst. Wir ergreifen alle Ma\u00dfnahmen, die bie uns gespeicherten Daten zu sch\u00fctzen. Welche Informationen sammeln wir? Wir erheben nur Informationen, die wir ben\u00f6tigen, um Ihre Bestellung zu bearbeiten. Dazu geh\u00f6ren Ihre: Rechnungsadresse [&hellip;]<\/p>\n","protected":false},"author":2,"featured_media":0,"parent":0,"menu_order":0,"comment_status":"closed","ping_status":"closed","template":"","meta":{"footnotes":""},"class_list":["post-3907","page","type-page","status-publish","hentry"],"_links":{"self":[{"href":"https:\/\/www.monique-mathieu.com\/de\/wp-json\/wp\/v2\/pages\/3907","targetHints":{"allow":["GET"]}}],"collection":[{"href":"https:\/\/www.monique-mathieu.com\/de\/wp-json\/wp\/v2\/pages"}],"about":[{"href":"https:\/\/www.monique-mathieu.com\/de\/wp-json\/wp\/v2\/types\/page"}],"author":[{"embeddable":true,"href":"https:\/\/www.monique-mathieu.com\/de\/wp-json\/wp\/v2\/users\/2"}],"replies":[{"embeddable":true,"href":"https:\/\/www.monique-mathieu.com\/de\/wp-json\/wp\/v2\/comments?post=3907"}],"version-history":[{"count":5,"href":"https:\/\/www.monique-mathieu.com\/de\/wp-json\/wp\/v2\/pages\/3907\/revisions"}],"predecessor-version":[{"id":8849,"href":"https:\/\/www.monique-mathieu.com\/de\/wp-json\/wp\/v2\/pages\/3907\/revisions\/8849"}],"wp:attachment":[{"href":"https:\/\/www.monique-mathieu.com\/de\/wp-json\/wp\/v2\/media?parent=3907"}],"curies":[{"name":"wp","href":"https:\/\/api.w.org\/{rel}","templated":true}]}}