{"id":12312,"date":"2021-08-25T14:10:17","date_gmt":"2021-08-25T19:10:17","guid":{"rendered":"https:\/\/www.monique-mathieu.com\/refund-and-returns-policy\/"},"modified":"2022-04-18T10:27:49","modified_gmt":"2022-04-18T15:27:49","slug":"refund-and-returns-policy","status":"publish","type":"page","link":"https:\/\/www.monique-mathieu.com\/de\/refund-and-returns-policy\/","title":{"rendered":"Refund and Returns Policy"},"content":{"rendered":"<div id=\"dslc-theme-content\"><div id=\"dslc-theme-content-inner\"><p>[vc_row][vc_column][vc_column_text]<\/p>\n\n<h4><strong>Returns and exchanges<\/strong><\/h4>\n<p>Wenn Sie mit Ihrem Kauf nicht vollst\u00e4ndig zufrieden sind, k\u00f6nnen Sie ihn zum Umtausch oder zur Gutschrift an uns zur\u00fccksenden. R\u00fccksendung innerhalb von 10 Werktagen nach Versand in Originalverpackung. Annahme zur Gutschrift oder zum Umtausch nur bei ungewaschenen, ungetragenen, unver\u00e4nderten oder anderweitig unbesch\u00e4digten Artikeln und mit vorheriger Genehmigung durch das Unternehmen. Gutschriften sind sechs Monate g\u00fcltig. Sonderbestellungen sowie Versandkosten sind grunds\u00e4tzlich nicht erstattungsf\u00e4hig.<\/p>\n<h5>Attention: A re-stocking fee of 20 percent will be charged for any items that are returned for refund.\u00a0Sizes from 50 are not exchangeable and refundable.<\/h5>\n<h5><strong>Special Orders:<\/strong>\u00a0<\/h5>\n<p>Sonderfarben, Paspeln oder Stickereien werden nur auf Anfrage ausgef\u00fchrt (z. B. Ihr Logo \u2013 bitte deutliches Muster vorlegen) \u2013 Sonderanfertigungen sind kostenpflichtig \u2013 und die Bestellung muss mindestens 20 St\u00fcck umfassen. Bitte kontaktieren Sie uns f\u00fcr weitere Informationen wie Farbverf\u00fcgbarkeit, Lieferzeiten oder Angebote.<\/p>\n\n<h2>Need help?<\/h2>\n<p>\nContact us per email for questions related to refunds and returns.\n<p>&nbsp;<\/p>\n<p>[\/vc_column_text][\/vc_column][\/vc_row]<\/p>\n<\/div><\/div>","protected":false},"excerpt":{"rendered":"<p>[vc_row][vc_column][vc_column_text] Returns and exchanges Wenn Sie mit Ihrem Kauf nicht vollst\u00e4ndig zufrieden sind, k\u00f6nnen Sie ihn zum Umtausch oder zur Gutschrift an uns zur\u00fccksenden. R\u00fccksendung innerhalb von 10 Werktagen nach Versand in Originalverpackung. Annahme zur Gutschrift oder zum Umtausch nur bei ungewaschenen, ungetragenen, unver\u00e4nderten oder anderweitig unbesch\u00e4digten Artikeln und mit vorheriger Genehmigung durch das Unternehmen. [&hellip;]<\/p>\n","protected":false},"author":2,"featured_media":0,"parent":0,"menu_order":0,"comment_status":"closed","ping_status":"closed","template":"","meta":{"footnotes":""},"class_list":["post-12312","page","type-page","status-publish","hentry"],"_links":{"self":[{"href":"https:\/\/www.monique-mathieu.com\/de\/wp-json\/wp\/v2\/pages\/12312","targetHints":{"allow":["GET"]}}],"collection":[{"href":"https:\/\/www.monique-mathieu.com\/de\/wp-json\/wp\/v2\/pages"}],"about":[{"href":"https:\/\/www.monique-mathieu.com\/de\/wp-json\/wp\/v2\/types\/page"}],"author":[{"embeddable":true,"href":"https:\/\/www.monique-mathieu.com\/de\/wp-json\/wp\/v2\/users\/2"}],"replies":[{"embeddable":true,"href":"https:\/\/www.monique-mathieu.com\/de\/wp-json\/wp\/v2\/comments?post=12312"}],"version-history":[{"count":1,"href":"https:\/\/www.monique-mathieu.com\/de\/wp-json\/wp\/v2\/pages\/12312\/revisions"}],"predecessor-version":[{"id":12313,"href":"https:\/\/www.monique-mathieu.com\/de\/wp-json\/wp\/v2\/pages\/12312\/revisions\/12313"}],"wp:attachment":[{"href":"https:\/\/www.monique-mathieu.com\/de\/wp-json\/wp\/v2\/media?parent=12312"}],"curies":[{"name":"wp","href":"https:\/\/api.w.org\/{rel}","templated":true}]}}